{"id":246,"date":"2018-07-12T09:58:10","date_gmt":"2018-07-12T09:58:10","guid":{"rendered":"http:\/\/sapiens-fhwc.com\/?page_id=246"},"modified":"2018-08-27T09:46:13","modified_gmt":"2018-08-27T09:46:13","slug":"colaboramos-con","status":"publish","type":"page","link":"https:\/\/sapiens-fhwc.com\/en\/colaboramos-con\/","title":{"rendered":"We cooperate with"},"content":{"rendered":"<p>[vc_row][vc_column][vc_column_text]<\/p>\n<h1>We cooperate with<\/h1>\n<p>[\/vc_column_text][\/vc_column][\/vc_row][vc_row][vc_column width=&#8221;1\/4&#8243;][vc_single_image image=&#8221;163&#8243; img_size=&#8221;full&#8221; style=&#8221;vc_box_border&#8221; onclick=&#8221;custom_link&#8221; img_link_target=&#8221;_blank&#8221; link=&#8221;https:\/\/escueladeheridas.org\/&#8221;][vc_column_text css=&#8221;.vc_custom_1532943547672{margin-top: -15px !important;}&#8221;]<\/p>\n<h4>Escuela de formaci\u00f3n e investigaci\u00f3n en heridas<br \/>\n<strong>(School of education and research in wounds)<\/strong><\/h4>\n<p>A teaching initiative of the Spanish National Pressure Ulcers and Chronic Wounds Advisory Panel (GNEAUPP).[\/vc_column_text][\/vc_column][vc_column width=&#8221;1\/4&#8243;][vc_single_image image=&#8221;171&#8243; img_size=&#8221;full&#8221; style=&#8221;vc_box_border&#8221; onclick=&#8221;custom_link&#8221; img_link_target=&#8221;_blank&#8221; link=&#8221;http:\/\/fundacionsergiojuan.org\/es\/?file=kop1.php&#8221;][vc_column_text css=&#8221;.vc_custom_1533208953146{margin-top: -15px !important;}&#8221;]<\/p>\n<h4>Fundaci\u00f3n Sergio Juan Jordan<\/h4>\n<p>For research and study of chronic wounds.[\/vc_column_text][\/vc_column][vc_column width=&#8221;1\/4&#8243;][vc_single_image image=&#8221;175&#8243; img_size=&#8221;full&#8221; style=&#8221;vc_box_border&#8221; onclick=&#8221;custom_link&#8221; img_link_target=&#8221;_blank&#8221; link=&#8221;https:\/\/www.gerokomos.com\/&#8221;][vc_column_text css=&#8221;.vc_custom_1532943602345{margin-top: -15px !important;}&#8221;]<\/p>\n<h4>Gerokomos<\/h4>\n<p><span lang=\"CA\">Open access scientific journal of the Spanish Society of Geriatric and Gerontological Nursing (SEEGG), the <\/span><span lang=\"CA\">Spanish National Pressure Ulcers and Chronic Wounds Advisory Panel (GNEAUPP, and the Sergio Juan Jord\u00e1n\u2019s Foundation for the research and study of chronic wounds.<\/span>[\/vc_column_text][\/vc_column][vc_column width=&#8221;1\/4&#8243;][vc_single_image image=&#8221;173&#8243; img_size=&#8221;full&#8221; style=&#8221;vc_box_border&#8221; onclick=&#8221;custom_link&#8221; img_link_target=&#8221;_blank&#8221; link=&#8221;http:\/\/gneaupp.info\/&#8221;][vc_column_text css=&#8221;.vc_custom_1532943580508{margin-top: -15px !important;}&#8221;]<\/p>\n<h4>GNEAUPP<\/h4>\n<p>Grupo Nacional para el Estudio y Asesoramiento en \u00dalceras por Presi\u00f3n y Heridas Cr\u00f3nicas (<span lang=\"CA\">Spanish National Pressure Ulcers and Chronic Wounds Advisory Panel) <\/span>. First interdisciplinary society on chronic and other type of wounds in Spain, founded in 1994.[\/vc_column_text][\/vc_column][\/vc_row][vc_row][vc_column width=&#8221;1\/4&#8243;][vc_single_image image=&#8221;276&#8243; img_size=&#8221;full&#8221; style=&#8221;vc_box_border&#8221; onclick=&#8221;custom_link&#8221; img_link_target=&#8221;_blank&#8221; link=&#8221;http:\/\/fhsc.cat\/hospital.php&#8221;][vc_column_text css=&#8221;.vc_custom_1532943594672{margin-top: -15px !important;}&#8221;]<\/p>\n<h4>Hospital Universitari de la Santa Creu de Vic<\/h4>\n<p><span lang=\"CA\">Reference center in the care of socio-health patients and in the care of patients with chronic and hard to heal\u00a0 wounds. Located in Vic, province of Barcelona.<\/span>[\/vc_column_text][\/vc_column][vc_column width=&#8221;1\/4&#8243;][vc_single_image image=&#8221;332&#8243; img_size=&#8221;full&#8221; style=&#8221;vc_box_border&#8221; onclick=&#8221;custom_link&#8221; img_link_target=&#8221;_blank&#8221; link=&#8221;https:\/\/www.legclub.org\/&#8221;][vc_column_text css=&#8221;.vc_custom_1535363169430{margin-top: -15px !important;}&#8221;]<\/p>\n<h4><strong>Lindasay Leg Club Foundation<\/strong><\/h4>\n<p>The Lindasy Leg Club\u00a0 Foundation was created to relieve suffering from leg ulcers and associated conditions through the implementation of an award winning model that motivates and empowers patients to take ownership of their care, alleviate their suffering and reduce the stigma attached to their condition. It also seeks to further advance education in all aspects of leg health among sufferers, carers, the general public and the healthcare professions.[\/vc_column_text][\/vc_column][vc_column width=&#8221;1\/4&#8243;][vc_single_image image=&#8221;177&#8243; img_size=&#8221;full&#8221; style=&#8221;vc_box_border&#8221; onclick=&#8221;custom_link&#8221; img_link_target=&#8221;_blank&#8221; link=&#8221;http:\/\/ortogrup.com&#8221;][vc_column_text css=&#8221;.vc_custom_1533208964350{margin-top: -15px !important;}&#8221;]<\/p>\n<h4>Ortogrup<\/h4>\n<p>Collaborative network in training and technical support on topics related to orthopedics for pharmacists.[\/vc_column_text][\/vc_column][vc_column width=&#8221;1\/4&#8243;][vc_single_image image=&#8221;420&#8243; img_size=&#8221;full&#8221; style=&#8221;vc_box_border&#8221; onclick=&#8221;custom_link&#8221; img_link_target=&#8221;_blank&#8221; link=&#8221;https:\/\/es-es.facebook.com\/socuhe&#8221;][vc_column_text css=&#8221;.vc_custom_1535362674427{margin-top: -15px !important;}&#8221;]<\/p>\n<h4>SCUH<\/h4>\n<p>Interdisciplinary scientific society of wounds in Uruguay.[\/vc_column_text][\/vc_column][\/vc_row][vc_row][vc_column width=&#8221;1\/4&#8243;][vc_single_image image=&#8221;335&#8243; img_size=&#8221;full&#8221; style=&#8221;vc_box_border&#8221; onclick=&#8221;custom_link&#8221; img_link_target=&#8221;_blank&#8221; link=&#8221;http:\/\/www.silauhe.org\/es\/?file=kop1.php&#8221;][vc_column_text css=&#8221;.vc_custom_1532944387522{margin-top: -15px !important;}&#8221;]<\/p>\n<h4>SILAHUE<\/h4>\n<p>Ibero Latin American Society of Ulcers and Wounds (SILAHUE). An interdisciplinary society on ulcers and wounds founded in 2008.[\/vc_column_text][\/vc_column][vc_column width=&#8221;1\/4&#8243;][vc_single_image image=&#8221;179&#8243; img_size=&#8221;full&#8221; style=&#8221;vc_box_border&#8221; onclick=&#8221;custom_link&#8221; img_link_target=&#8221;_blank&#8221; link=&#8221;http:\/\/mon.uvic.cat\/TR2Lab\/&#8221;][vc_column_text css=&#8221;.vc_custom_1532943630391{margin-top: -15px !important;}&#8221;]<\/p>\n<h4>TR2LAB<\/h4>\n<p><span lang=\"CA\">TR2Lab is an inter-institutional research group in which researchers from the Universitat de Vic &#8211; Universitat Central de Catalunya, the University Hospital of Vic, and the University Hospital of the Santa Creu de Vic participate.<\/span>[\/vc_column_text][vc_tta_accordion active_section=&#8221;6&#8243; collapsible_all=&#8221;true&#8221; css=&#8221;.vc_custom_1531391196112{margin-top: -25px !important;}&#8221;][vc_tta_section tab_id=&#8221;1532944180467-c4f0e858-aa00&#8243; title=&#8221;More info&#8221;][vc_column_text]The TR2Lab is oriented to better understand the mechanisms of repair and regeneration of tissues, and its main area of \u200b\u200bexpertise is the study of the healing processes of cutaneous wounds.<\/p>\n<p>For the development of its activity, TR2Lab collaborates nationally and internationally with other national and international research groups, and has recently started a collaboration with SAPIENS-fhw Consultants.<\/p>\n<p>Beyond the scientific objectives, the TR2Lab seeks to contribute to the development of the scientific skills of the care personnel working in the field of wound care and healing. Reason why it welcomes undergraduate and master students to develop their final projects. Likewise, there are several health professionals who do the doctoral thesis in the TR2Lab. This is possible because the TR2Lab offers an ideal environment to carry out stimulating research in a high quality and interdisciplinary environment.[\/vc_column_text][\/vc_tta_section][\/vc_tta_accordion][\/vc_column][vc_column width=&#8221;1\/4&#8243;][\/vc_column][vc_column width=&#8221;1\/4&#8243;][\/vc_column][\/vc_row]<\/p>\n","protected":false},"excerpt":{"rendered":"<p>[vc_row][vc_column][vc_column_text] We cooperate with [\/vc_column_text][\/vc_column][\/vc_row][vc_row][vc_column width=&#8221;1\/4&#8243;][vc_single_image image=&#8221;163&#8243; img_size=&#8221;full&#8221; style=&#8221;vc_box_border&#8221; onclick=&#8221;custom_link&#8221; img_link_target=&#8221;_blank&#8221; link=&#8221;https:\/\/escueladeheridas.org\/&#8221;][vc_column_text css=&#8221;.vc_custom_1532943547672{margin-top: -15px !important;}&#8221;] Escuela de formaci\u00f3n e investigaci\u00f3n en heridas (School of education and<span class=\"excerpt-hellip\"> [\u2026]<\/span><\/p>\n","protected":false},"author":1,"featured_media":0,"parent":0,"menu_order":0,"comment_status":"closed","ping_status":"closed","template":"","meta":{"footnotes":""},"_links":{"self":[{"href":"https:\/\/sapiens-fhwc.com\/en\/wp-json\/wp\/v2\/pages\/246"}],"collection":[{"href":"https:\/\/sapiens-fhwc.com\/en\/wp-json\/wp\/v2\/pages"}],"about":[{"href":"https:\/\/sapiens-fhwc.com\/en\/wp-json\/wp\/v2\/types\/page"}],"author":[{"embeddable":true,"href":"https:\/\/sapiens-fhwc.com\/en\/wp-json\/wp\/v2\/users\/1"}],"replies":[{"embeddable":true,"href":"https:\/\/sapiens-fhwc.com\/en\/wp-json\/wp\/v2\/comments?post=246"}],"version-history":[{"count":10,"href":"https:\/\/sapiens-fhwc.com\/en\/wp-json\/wp\/v2\/pages\/246\/revisions"}],"predecessor-version":[{"id":423,"href":"https:\/\/sapiens-fhwc.com\/en\/wp-json\/wp\/v2\/pages\/246\/revisions\/423"}],"wp:attachment":[{"href":"https:\/\/sapiens-fhwc.com\/en\/wp-json\/wp\/v2\/media?parent=246"}],"curies":[{"name":"wp","href":"https:\/\/api.w.org\/{rel}","templated":true}]}}